{"id":41,"date":"2024-05-13T21:08:14","date_gmt":"2024-05-13T21:08:14","guid":{"rendered":"https:\/\/industrialix.com.mx\/?page_id=41"},"modified":"2024-06-03T21:37:07","modified_gmt":"2024-06-03T21:37:07","slug":"aviso-de-privacidad","status":"publish","type":"page","link":"https:\/\/industrialix.com.mx\/en\/aviso-de-privacidad\/","title":{"rendered":"NOTICE OF PRIVACY"},"content":{"rendered":"<div data-elementor-type=\"wp-post\" data-elementor-id=\"41\" class=\"elementor elementor-41\" data-elementor-post-type=\"page\">\n\t\t\t\t<div class=\"elementor-element elementor-element-7a43a5d e-flex e-con-boxed e-con e-parent\" data-id=\"7a43a5d\" data-element_type=\"container\" data-e-type=\"container\" data-settings=\"{&quot;background_background&quot;:&quot;classic&quot;}\">\n\t\t\t\t\t<div class=\"e-con-inner\">\n\t\t\t\t<div class=\"elementor-element elementor-element-4f3c7e3 elementor-widget elementor-widget-text-editor\" data-id=\"4f3c7e3\" data-element_type=\"widget\" data-e-type=\"widget\" data-widget_type=\"text-editor.default\">\n\t\t\t\t\t\t\t\t\t<p>Con fundamento en los art\u00edculos 15 y 16 de la Ley Federal de Protecci\u00f3n de Datos Personales en Posesi\u00f3n de Particulares (\u201cla Ley\u201d) hacemos de su conocimiento que Realix Estate mejor conocido como Hacienda Carlota, con domicilio en Santa Mar\u00eda Magdalena, Autopista Celaya Quer\u00e9taro, Corregidora, Quer\u00e9taro., es responsable de recabar sus datos personales, del uso que se le d\u00e9 a los mismos y de su protecci\u00f3n.<\/p>\n<p>Los datos personales que recabamos de usted, los utilizaremos para las siguientes finalidades que son necesarias para el servicio que solicita:<br \/>1. Proveer los servicios y productos que ha solicitado.<br \/>2. Notificarle sobre nuevos servicios o productos que tengan relaci\u00f3n con los ya contratados o adquiridos; comunicarle sobre cambios en los mismos.<br \/>3. En general, para dar cumplimiento a las obligaciones que hemos contra\u00eddo con usted.<\/p>\n<p>De manera adicional, utilizaremos su informaci\u00f3n personal para las siguientes finalidades secundarias que no son necesarias para el servicio solicitado, pero que nos permiten y facilitan brindarle una mejor atenci\u00f3n:<br \/>1. Elaborar estudios y programas que son necesarios para determinar h\u00e1bitos de consumo.<br \/>2. Realizar evaluaciones peri\u00f3dicas de nuestros productos y servicios a efecto de evaluar la calidad del servicio que brindamos y mejorar la calidad de nuestros productos y servicios.<\/p>\n<p>Para llevar a cabo las finalidades descritas en el presente aviso de privacidad, utilizaremos los siguientes datos personales:<br \/>1. Nombre completo<br \/>2. Tel\u00e9fono fijo y\/o celular<br \/>3. Correo electr\u00f3nico<\/p>\n<p>Consentimiento<br \/>Al proporcionar sus datos personales y al hacer uso de este sitio usted otorga expresamente al responsable el consentimiento para el tratamiento de sus datos personales. Si usted no desea que sus datos personales sean tratados o transferidos no deber\u00e1 registrar su informaci\u00f3n en los formularios incluidos en el presente sitio web para tal efecto.<\/p>\n<p>Transmisi\u00f3n de Datos Personales<br \/>Por otra parte, hacemos de su conocimiento que sus datos personales podr\u00e1n ser transferidos a entidades del mismo grupo de inter\u00e9s de la empresa; nacionales, p\u00fablicas y privadas, con el objetivo general de cumplir con las finalidades para las cuales ha proporcionado sus datos.<\/p>\n<p>En caso de que no obtengamos su oposici\u00f3n expresa para que sus datos personales sean transferidos de forma y t\u00e9rminos antes descritos, entenderemos que ha otorgado su consentimiento en forma t\u00e1cita para ello.<\/p>\n<p>Medidas de seguridad y control utilizamos para la protecci\u00f3n de sus datos personales El responsable tiene implementadas medidas de seguridad administrativas, t\u00e9cnicas y f\u00edsicas para proteger sus datos personales, mismas que igualmente exigimos sean cumplidas por los proveedores de servicios que contratamos, inclusive trat\u00e1ndose deservicios que prestan las empresas subsidiarias o afiliadas del responsable. Toda la informaci\u00f3n agregada y datos personales que se obtengan de usted a trav\u00e9s del uso de nuestro sitio web, constituir\u00e1 una base de datos propiedad del responsable, informaci\u00f3n que es almacenada con el fin de protegerla y evitar su p\u00e9rdida, uso indebido, o alteraci\u00f3n.<\/p>\n<p>Derechos ARCO<br \/>Usted tiene derecho a conocer qu\u00e9 datos personales tenemos de usted, para qu\u00e9 los utilizamos y las condiciones del uso que les damos (Acceso). Asimismo, es su derecho solicitar la correcci\u00f3n de su informaci\u00f3n personal en caso de que est\u00e9 desactualizada, sea inexacta o incompleta (Rectificaci\u00f3n); que la eliminemos de nuestros registros o bases de datos cuando considere que la misma no est\u00e1 siendo utilizada adecuadamente (Cancelaci\u00f3n); as\u00ed como oponerse al uso de sus datos personales para fines espec\u00edficos (Oposici\u00f3n). Estos derechos se conocen como derechos ARCO. Para conocer el procedimiento y requisitos para el ejercicio de los derechos ARCO es necesario que env\u00ede la solicitud en los t\u00e9rminos que marca la Ley en su Art. 29 al correo electr\u00f3nico info@realix.com.mx<\/p>\n<p>Revocaci\u00f3n de consentimiento para el uso de sus datos personales<br \/>Usted puede revocar el consentimiento que, en su caso, nos haya otorgado para el tratamiento de sus datos personales. Sin embargo, es importante que tenga en cuenta que no en todos los casos podremos atender su solicitud o concluir el uso de forma inmediata, ya que es posible que por alguna obligaci\u00f3n legal requiramos seguir tratando sus datos personales. Asimismo, usted deber\u00e1 considerar que para ciertos fines, la revocaci\u00f3n de su consentimiento implicar\u00e1 que no le podamos seguir prestando el servicio que nos solicit\u00f3, o la conclusi\u00f3n de su relaci\u00f3n con nosotros. Para conocer el procedimiento y requisitos para la revocaci\u00f3n del consentimiento, deber\u00e1 presentar su solicitud a trav\u00e9s de correo electr\u00f3nico dirigido a: info@realix.com.mx<br \/>Limitaci\u00f3n del uso o divulgaci\u00f3n de su informaci\u00f3n personal Con objeto de que usted pueda limitar el uso y divulgaci\u00f3n de su informaci\u00f3n personal, usted podr\u00e1 enviar un correo electr\u00f3nico a: info@realix.com.mx.<\/p>\n<p>Cambios en el Aviso de Privacidad<br \/>El presente aviso de privacidad puede sufrir modificaciones, cambios o actualizaciones derivadas de nuevos requerimientos legales; de nuestras propias necesidades por los productos o servicios que ofrecemos; de nuestras pr\u00e1cticas de privacidad; de cambios en nuestro modelo de negocio, o por otras causas. Nos comprometemos a mantenerlo informado sobre los cambios que pueda sufrir el presente aviso de privacidad a trav\u00e9s de nuestro sitio web.<\/p>\n<p>Los cambios o actualizaciones al presente aviso de privacidad podr\u00e1 consultarlas en: https:\/\/industrialix.com.mx\/<\/p>\n<p>\u00a0<\/p>\t\t\t\t\t\t\t\t<\/div>\n\t\t\t\t\t<\/div>\n\t\t\t\t<\/div>\n\t\t\t\t<\/div>","protected":false},"excerpt":{"rendered":"<p>Con fundamento en los art\u00edculos 15 y 16 de la Ley Federal de Protecci\u00f3n de Datos Personales en Posesi\u00f3n de Particulares (\u201cla Ley\u201d) hacemos de su conocimiento que Realix Estate mejor conocido como Hacienda Carlota, con domicilio en Santa Mar\u00eda Magdalena, Autopista Celaya Quer\u00e9taro, Corregidora, Quer\u00e9taro., es responsable de recabar sus datos personales, del uso [&hellip;]<\/p>\n","protected":false},"author":1,"featured_media":0,"parent":0,"menu_order":0,"comment_status":"closed","ping_status":"closed","template":"","meta":{"footnotes":""},"class_list":["post-41","page","type-page","status-publish","hentry"],"_links":{"self":[{"href":"https:\/\/industrialix.com.mx\/en\/wp-json\/wp\/v2\/pages\/41","targetHints":{"allow":["GET"]}}],"collection":[{"href":"https:\/\/industrialix.com.mx\/en\/wp-json\/wp\/v2\/pages"}],"about":[{"href":"https:\/\/industrialix.com.mx\/en\/wp-json\/wp\/v2\/types\/page"}],"author":[{"embeddable":true,"href":"https:\/\/industrialix.com.mx\/en\/wp-json\/wp\/v2\/users\/1"}],"replies":[{"embeddable":true,"href":"https:\/\/industrialix.com.mx\/en\/wp-json\/wp\/v2\/comments?post=41"}],"version-history":[{"count":13,"href":"https:\/\/industrialix.com.mx\/en\/wp-json\/wp\/v2\/pages\/41\/revisions"}],"predecessor-version":[{"id":591,"href":"https:\/\/industrialix.com.mx\/en\/wp-json\/wp\/v2\/pages\/41\/revisions\/591"}],"wp:attachment":[{"href":"https:\/\/industrialix.com.mx\/en\/wp-json\/wp\/v2\/media?parent=41"}],"curies":[{"name":"wp","href":"https:\/\/api.w.org\/{rel}","templated":true}]}}